{"id":2056,"date":"2022-07-06T14:08:53","date_gmt":"2022-07-06T14:08:53","guid":{"rendered":"https:\/\/sar.hi.is\/?page_id=2056"},"modified":"2022-10-12T13:32:42","modified_gmt":"2022-10-12T13:32:42","slug":"dagskra","status":"publish","type":"page","link":"https:\/\/sar.hi.is\/en\/dagskra\/","title":{"rendered":"Programme"},"content":{"rendered":"<div data-elementor-type=\"wp-page\" data-elementor-id=\"2056\" class=\"elementor elementor-2056\">\n\t\t\t\t\t\t<section class=\"elementor-section elementor-top-section elementor-element elementor-element-096b2c2 elementor-section-boxed elementor-section-height-default elementor-section-height-default\" data-id=\"096b2c2\" data-element_type=\"section\" data-e-type=\"section\">\n\t\t\t\t\t\t<div class=\"elementor-container elementor-column-gap-default\">\n\t\t\t\t\t<div class=\"elementor-column elementor-col-100 elementor-top-column elementor-element elementor-element-48eb126\" data-id=\"48eb126\" data-element_type=\"column\" data-e-type=\"column\">\n\t\t\t<div class=\"elementor-widget-wrap elementor-element-populated\">\n\t\t\t\t\t\t<div class=\"elementor-element elementor-element-b3d369e elementor-widget elementor-widget-heading\" data-id=\"b3d369e\" data-element_type=\"widget\" data-e-type=\"widget\" data-widget_type=\"heading.default\">\n\t\t\t\t<div class=\"elementor-widget-container\">\n\t\t\t\t\t<h2 class=\"elementor-heading-title elementor-size-default\">Programme<\/h2>\t\t\t\t<\/div>\n\t\t\t\t<\/div>\n\t\t\t\t<div class=\"elementor-element elementor-element-172cc1d elementor-widget-divider--view-line elementor-widget elementor-widget-divider\" data-id=\"172cc1d\" data-element_type=\"widget\" data-e-type=\"widget\" data-widget_type=\"divider.default\">\n\t\t\t\t<div class=\"elementor-widget-container\">\n\t\t\t\t\t\t\t<div class=\"elementor-divider\">\n\t\t\t<span class=\"elementor-divider-separator\">\n\t\t\t\t\t\t<\/span>\n\t\t<\/div>\n\t\t\t\t\t\t<\/div>\n\t\t\t\t<\/div>\n\t\t\t\t<div class=\"elementor-element elementor-element-6959e65 elementor-widget elementor-widget-text-editor\" data-id=\"6959e65\" data-element_type=\"widget\" data-e-type=\"widget\" data-widget_type=\"text-editor.default\">\n\t\t\t\t<div class=\"elementor-widget-container\">\n\t\t\t\t\t\t\t\t\t<p><strong><a href=\"https:\/\/www.hi.is\/adalbygging\">University of Iceland\u00b4s Aula <\/a>\u00feri\u00f0judaginn 11. okt\u00f3ber<br \/><\/strong><\/p><p>13.00-13.20: J\u00f3n Atli Benediktsson: <em>Societal<\/em><span data-contrast=\"none\"><em>\u00a0impact and value of research in the context of<\/em><em>\u00a0<\/em><em>the University of Iceland<\/em><\/span><\/p><p>13.20-13.35: Group discussions<\/p><p><span data-contrast=\"none\">13.35-13.55: <\/span><a href=\"https:\/\/www.bhassociates.eu\/prof-ellen-hazelkorn\"><span data-contrast=\"auto\">Ellen<\/span>\u00a0Hazelkorn<\/a><span data-contrast=\"none\">: <em><span lang=\"EN-GB\">Why Societal Impact Matters and What It Means for Research and R<\/span><\/em><\/span><em><span lang=\"EN-GB\">esearchers in Iceland<\/span><\/em><\/p><p><span data-contrast=\"none\">13.55-14.15: Group discussions<\/span><\/p><p><span data-contrast=\"none\">14.15-14.30: Coffee break<br \/><\/span><\/p><p><span data-contrast=\"none\">14.30-14.45:\u00a0<\/span><a href=\"https:\/\/research.vu.nl\/en\/persons\/jew-broerse\"><span data-contrast=\"auto\">Jacqueline<\/span>\u00a0Broerse<\/a><span data-contrast=\"none\">:\u00a0<\/span><span data-contrast=\"none\"><em>Public engagement and co-creation of research<\/em><\/span><\/p><p><span data-contrast=\"none\">14.45-15.00: Group discussions<\/span><\/p><p><span data-contrast=\"none\">15.00-15.30: Short presentations of socially engaged research in Icelandic context:<\/span><\/p><p class=\"paragraph\"><a href=\"https:\/\/www.hi.is\/starfsfolk\/finnborg\"><span class=\"normaltextrun\">Finnborg Salome Stein\u00fe\u00f3rsd\u00f3ttir<\/span><\/a><\/p><p class=\"paragraph\"><a href=\"https:\/\/www.landlaeknir.is\/um-embaettid\/starfsfolk\/nanar\/item111\">G\u00edgja Gunnarsd\u00f3ttir<\/a><\/p><p class=\"paragraph\"><a href=\"https:\/\/www.hi.is\/starfsfolk\/thorvarn\"><span class=\"normaltextrun\">\u00deorvar\u00f0ur \u00c1rnason<\/span><\/a><\/p><p class=\"paragraph\"><a href=\"https:\/\/www.hi.is\/starfsfolk\/akb\"><span class=\"normaltextrun\">\u00c1sta Krist\u00edn Benediktsd\u00f3ttir<\/span><\/a><\/p><p class=\"paragraph\"><a href=\"https:\/\/www.hi.is\/starfsfolk\/rbth\"><span class=\"normaltextrun\">Rannveig Bj\u00f6rk \u00deorkelsd\u00f3ttir<\/span><span class=\"eop\">\u00a0<\/span><\/a><\/p><p><span data-contrast=\"none\">15.30-15.45: Final group discussions\u00a0<\/span><\/p>\t\t\t\t\t\t\t\t<\/div>\n\t\t\t\t<\/div>\n\t\t\t\t\t<\/div>\n\t\t<\/div>\n\t\t\t\t\t<\/div>\n\t\t<\/section>\n\t\t\t\t<section class=\"elementor-section elementor-top-section elementor-element elementor-element-9dae5cb elementor-section-boxed elementor-section-height-default elementor-section-height-default\" data-id=\"9dae5cb\" data-element_type=\"section\" data-e-type=\"section\">\n\t\t\t\t\t\t<div class=\"elementor-container elementor-column-gap-default\">\n\t\t\t\t\t<div class=\"elementor-column elementor-col-100 elementor-top-column elementor-element elementor-element-70b1c56\" data-id=\"70b1c56\" data-element_type=\"column\" data-e-type=\"column\">\n\t\t\t<div class=\"elementor-widget-wrap elementor-element-populated\">\n\t\t\t\t\t\t<div class=\"elementor-element elementor-element-e8a7aa0 elementor-widget elementor-widget-heading\" data-id=\"e8a7aa0\" data-element_type=\"widget\" data-e-type=\"widget\" data-widget_type=\"heading.default\">\n\t\t\t\t<div class=\"elementor-widget-container\">\n\t\t\t\t\t<h2 class=\"elementor-heading-title elementor-size-default\">Padlet Discussions<\/h2>\t\t\t\t<\/div>\n\t\t\t\t<\/div>\n\t\t\t\t<div class=\"elementor-element elementor-element-55db8f9 elementor-widget-divider--view-line elementor-widget elementor-widget-divider\" data-id=\"55db8f9\" data-element_type=\"widget\" data-e-type=\"widget\" data-widget_type=\"divider.default\">\n\t\t\t\t<div class=\"elementor-widget-container\">\n\t\t\t\t\t\t\t<div class=\"elementor-divider\">\n\t\t\t<span class=\"elementor-divider-separator\">\n\t\t\t\t\t\t<\/span>\n\t\t<\/div>\n\t\t\t\t\t\t<\/div>\n\t\t\t\t<\/div>\n\t\t\t\t\t<\/div>\n\t\t<\/div>\n\t\t\t\t\t<\/div>\n\t\t<\/section>\n\t\t\t\t<section class=\"elementor-section elementor-top-section elementor-element elementor-element-a1bb996 elementor-section-boxed elementor-section-height-default elementor-section-height-default\" data-id=\"a1bb996\" data-element_type=\"section\" data-e-type=\"section\">\n\t\t\t\t\t\t<div class=\"elementor-container elementor-column-gap-default\">\n\t\t\t\t\t<div class=\"elementor-column elementor-col-33 elementor-top-column elementor-element elementor-element-eb5b96b\" data-id=\"eb5b96b\" data-element_type=\"column\" data-e-type=\"column\">\n\t\t\t<div class=\"elementor-widget-wrap elementor-element-populated\">\n\t\t\t\t\t\t<div class=\"elementor-element elementor-element-6316655 elementor-widget elementor-widget-image\" data-id=\"6316655\" data-element_type=\"widget\" data-e-type=\"widget\" data-widget_type=\"image.default\">\n\t\t\t\t<div class=\"elementor-widget-container\">\n\t\t\t\t\t\t\t\t\t\t\t\t\t\t\t<img fetchpriority=\"high\" decoding=\"async\" width=\"600\" height=\"400\" src=\"https:\/\/sar.hi.is\/wp-content\/uploads\/2022\/10\/KRI_samfelagsleg_ahrif_221011_01.jpg\" class=\"attachment-full size-full wp-image-3899\" alt=\"alt=&quot;&quot;\" srcset=\"https:\/\/sar.hi.is\/wp-content\/uploads\/2022\/10\/KRI_samfelagsleg_ahrif_221011_01.jpg 600w, https:\/\/sar.hi.is\/wp-content\/uploads\/2022\/10\/KRI_samfelagsleg_ahrif_221011_01-300x200.jpg 300w, https:\/\/sar.hi.is\/wp-content\/uploads\/2022\/10\/KRI_samfelagsleg_ahrif_221011_01-18x12.jpg 18w\" sizes=\"(max-width: 600px) 100vw, 600px\" \/>\t\t\t\t\t\t\t\t\t\t\t\t\t\t\t<\/div>\n\t\t\t\t<\/div>\n\t\t\t\t\t<\/div>\n\t\t<\/div>\n\t\t\t\t<div class=\"elementor-column elementor-col-66 elementor-top-column elementor-element elementor-element-8de0191\" data-id=\"8de0191\" data-element_type=\"column\" data-e-type=\"column\">\n\t\t\t<div class=\"elementor-widget-wrap elementor-element-populated\">\n\t\t\t\t\t\t<div class=\"elementor-element elementor-element-41a4bc9 elementor-widget elementor-widget-image\" data-id=\"41a4bc9\" data-element_type=\"widget\" data-e-type=\"widget\" data-widget_type=\"image.default\">\n\t\t\t\t<div class=\"elementor-widget-container\">\n\t\t\t\t\t\t\t\t\t\t\t\t\t\t\t<img decoding=\"async\" width=\"1024\" height=\"3183\" src=\"https:\/\/sar.hi.is\/wp-content\/uploads\/2022\/10\/padlet-jonatli.png\" class=\"attachment-full size-full wp-image-3895\" alt=\"alt=&quot;&quot;\" srcset=\"https:\/\/sar.hi.is\/wp-content\/uploads\/2022\/10\/padlet-jonatli.png 1024w, https:\/\/sar.hi.is\/wp-content\/uploads\/2022\/10\/padlet-jonatli-329x1024.png 329w, https:\/\/sar.hi.is\/wp-content\/uploads\/2022\/10\/padlet-jonatli-768x2387.png 768w, https:\/\/sar.hi.is\/wp-content\/uploads\/2022\/10\/padlet-jonatli-494x1536.png 494w, https:\/\/sar.hi.is\/wp-content\/uploads\/2022\/10\/padlet-jonatli-659x2048.png 659w, https:\/\/sar.hi.is\/wp-content\/uploads\/2022\/10\/padlet-jonatli-4x12.png 4w\" sizes=\"(max-width: 1024px) 100vw, 1024px\" \/>\t\t\t\t\t\t\t\t\t\t\t\t\t\t\t<\/div>\n\t\t\t\t<\/div>\n\t\t\t\t\t<\/div>\n\t\t<\/div>\n\t\t\t\t\t<\/div>\n\t\t<\/section>\n\t\t\t\t<section class=\"elementor-section elementor-top-section elementor-element elementor-element-2efbfb3 elementor-section-boxed elementor-section-height-default elementor-section-height-default\" data-id=\"2efbfb3\" data-element_type=\"section\" data-e-type=\"section\">\n\t\t\t\t\t\t<div class=\"elementor-container elementor-column-gap-default\">\n\t\t\t\t\t<div class=\"elementor-column elementor-col-33 elementor-top-column elementor-element elementor-element-b3a7468\" data-id=\"b3a7468\" data-element_type=\"column\" data-e-type=\"column\">\n\t\t\t<div class=\"elementor-widget-wrap elementor-element-populated\">\n\t\t\t\t\t\t<div class=\"elementor-element elementor-element-e3815ef elementor-widget elementor-widget-image\" data-id=\"e3815ef\" data-element_type=\"widget\" data-e-type=\"widget\" data-widget_type=\"image.default\">\n\t\t\t\t<div class=\"elementor-widget-container\">\n\t\t\t\t\t\t\t\t\t\t\t\t\t\t\t<img decoding=\"async\" width=\"600\" height=\"400\" src=\"https:\/\/sar.hi.is\/wp-content\/uploads\/2022\/10\/ellen-1.jpg\" class=\"attachment-large size-large wp-image-3901\" alt=\"alt=&quot;&quot;\" srcset=\"https:\/\/sar.hi.is\/wp-content\/uploads\/2022\/10\/ellen-1.jpg 600w, https:\/\/sar.hi.is\/wp-content\/uploads\/2022\/10\/ellen-1-300x200.jpg 300w, https:\/\/sar.hi.is\/wp-content\/uploads\/2022\/10\/ellen-1-18x12.jpg 18w\" sizes=\"(max-width: 600px) 100vw, 600px\" \/>\t\t\t\t\t\t\t\t\t\t\t\t\t\t\t<\/div>\n\t\t\t\t<\/div>\n\t\t\t\t\t<\/div>\n\t\t<\/div>\n\t\t\t\t<div class=\"elementor-column elementor-col-66 elementor-top-column elementor-element elementor-element-692da47\" data-id=\"692da47\" data-element_type=\"column\" data-e-type=\"column\">\n\t\t\t<div class=\"elementor-widget-wrap elementor-element-populated\">\n\t\t\t\t\t\t<div class=\"elementor-element elementor-element-a9c3824 elementor-widget elementor-widget-image\" data-id=\"a9c3824\" data-element_type=\"widget\" data-e-type=\"widget\" data-widget_type=\"image.default\">\n\t\t\t\t<div class=\"elementor-widget-container\">\n\t\t\t\t\t\t\t\t\t\t\t\t\t\t\t<img loading=\"lazy\" decoding=\"async\" width=\"1024\" height=\"2803\" src=\"https:\/\/sar.hi.is\/wp-content\/uploads\/2022\/10\/padlet-ellen.png\" class=\"attachment-full size-full wp-image-3893\" alt=\"alt=&quot;&quot;\" srcset=\"https:\/\/sar.hi.is\/wp-content\/uploads\/2022\/10\/padlet-ellen.png 1024w, https:\/\/sar.hi.is\/wp-content\/uploads\/2022\/10\/padlet-ellen-110x300.png 110w, https:\/\/sar.hi.is\/wp-content\/uploads\/2022\/10\/padlet-ellen-374x1024.png 374w, https:\/\/sar.hi.is\/wp-content\/uploads\/2022\/10\/padlet-ellen-768x2102.png 768w, https:\/\/sar.hi.is\/wp-content\/uploads\/2022\/10\/padlet-ellen-561x1536.png 561w, https:\/\/sar.hi.is\/wp-content\/uploads\/2022\/10\/padlet-ellen-748x2048.png 748w, https:\/\/sar.hi.is\/wp-content\/uploads\/2022\/10\/padlet-ellen-4x12.png 4w\" sizes=\"(max-width: 1024px) 100vw, 1024px\" \/>\t\t\t\t\t\t\t\t\t\t\t\t\t\t\t<\/div>\n\t\t\t\t<\/div>\n\t\t\t\t\t<\/div>\n\t\t<\/div>\n\t\t\t\t\t<\/div>\n\t\t<\/section>\n\t\t\t\t<section class=\"elementor-section elementor-top-section elementor-element elementor-element-74b001d elementor-section-boxed elementor-section-height-default elementor-section-height-default\" data-id=\"74b001d\" data-element_type=\"section\" data-e-type=\"section\">\n\t\t\t\t\t\t<div class=\"elementor-container elementor-column-gap-default\">\n\t\t\t\t\t<div class=\"elementor-column elementor-col-33 elementor-top-column elementor-element elementor-element-9639808\" data-id=\"9639808\" data-element_type=\"column\" data-e-type=\"column\">\n\t\t\t<div class=\"elementor-widget-wrap elementor-element-populated\">\n\t\t\t\t\t\t<div class=\"elementor-element elementor-element-988e1cf elementor-widget elementor-widget-image\" data-id=\"988e1cf\" data-element_type=\"widget\" data-e-type=\"widget\" data-widget_type=\"image.default\">\n\t\t\t\t<div class=\"elementor-widget-container\">\n\t\t\t\t\t\t\t\t\t\t\t\t\t\t\t<img loading=\"lazy\" decoding=\"async\" width=\"600\" height=\"400\" src=\"https:\/\/sar.hi.is\/wp-content\/uploads\/2022\/10\/EJ5fD-vXUAAHPl0.jpg\" class=\"attachment-large size-large wp-image-3902\" alt=\"alt=&quot;&quot;\" srcset=\"https:\/\/sar.hi.is\/wp-content\/uploads\/2022\/10\/EJ5fD-vXUAAHPl0.jpg 600w, https:\/\/sar.hi.is\/wp-content\/uploads\/2022\/10\/EJ5fD-vXUAAHPl0-300x200.jpg 300w, https:\/\/sar.hi.is\/wp-content\/uploads\/2022\/10\/EJ5fD-vXUAAHPl0-18x12.jpg 18w\" sizes=\"(max-width: 600px) 100vw, 600px\" \/>\t\t\t\t\t\t\t\t\t\t\t\t\t\t\t<\/div>\n\t\t\t\t<\/div>\n\t\t\t\t\t<\/div>\n\t\t<\/div>\n\t\t\t\t<div class=\"elementor-column elementor-col-66 elementor-top-column elementor-element elementor-element-903d3d3\" data-id=\"903d3d3\" data-element_type=\"column\" data-e-type=\"column\">\n\t\t\t<div class=\"elementor-widget-wrap elementor-element-populated\">\n\t\t\t\t\t\t<div class=\"elementor-element elementor-element-ed7e25c elementor-widget elementor-widget-image\" data-id=\"ed7e25c\" data-element_type=\"widget\" data-e-type=\"widget\" data-widget_type=\"image.default\">\n\t\t\t\t<div class=\"elementor-widget-container\">\n\t\t\t\t\t\t\t\t\t\t\t\t\t\t\t<img loading=\"lazy\" decoding=\"async\" width=\"1024\" height=\"2843\" src=\"https:\/\/sar.hi.is\/wp-content\/uploads\/2022\/10\/padlet-jb.png\" class=\"attachment-full size-full wp-image-3894\" alt=\"alt=&quot;&quot;\" srcset=\"https:\/\/sar.hi.is\/wp-content\/uploads\/2022\/10\/padlet-jb.png 1024w, https:\/\/sar.hi.is\/wp-content\/uploads\/2022\/10\/padlet-jb-108x300.png 108w, https:\/\/sar.hi.is\/wp-content\/uploads\/2022\/10\/padlet-jb-369x1024.png 369w, https:\/\/sar.hi.is\/wp-content\/uploads\/2022\/10\/padlet-jb-768x2132.png 768w, https:\/\/sar.hi.is\/wp-content\/uploads\/2022\/10\/padlet-jb-553x1536.png 553w, https:\/\/sar.hi.is\/wp-content\/uploads\/2022\/10\/padlet-jb-738x2048.png 738w, https:\/\/sar.hi.is\/wp-content\/uploads\/2022\/10\/padlet-jb-4x12.png 4w\" sizes=\"(max-width: 1024px) 100vw, 1024px\" \/>\t\t\t\t\t\t\t\t\t\t\t\t\t\t\t<\/div>\n\t\t\t\t<\/div>\n\t\t\t\t\t<\/div>\n\t\t<\/div>\n\t\t\t\t\t<\/div>\n\t\t<\/section>\n\t\t\t\t<section class=\"elementor-section elementor-top-section elementor-element elementor-element-5c95fbf elementor-section-boxed elementor-section-height-default elementor-section-height-default\" data-id=\"5c95fbf\" data-element_type=\"section\" data-e-type=\"section\">\n\t\t\t\t\t\t<div class=\"elementor-container elementor-column-gap-default\">\n\t\t\t\t\t<div class=\"elementor-column elementor-col-33 elementor-top-column elementor-element elementor-element-f64573b\" data-id=\"f64573b\" data-element_type=\"column\" data-e-type=\"column\">\n\t\t\t<div class=\"elementor-widget-wrap elementor-element-populated\">\n\t\t\t\t\t\t<div class=\"elementor-element elementor-element-1bd4116 elementor-widget elementor-widget-image\" data-id=\"1bd4116\" data-element_type=\"widget\" data-e-type=\"widget\" data-widget_type=\"image.default\">\n\t\t\t\t<div class=\"elementor-widget-container\">\n\t\t\t\t\t\t\t\t\t\t\t\t\t\t\t<img loading=\"lazy\" decoding=\"async\" width=\"700\" height=\"433\" src=\"https:\/\/sar.hi.is\/wp-content\/uploads\/2022\/10\/KRI_samfelagsleg_ahrif_221011_02.jpg\" class=\"attachment-large size-large wp-image-3887\" alt=\"alt=&quot;&quot;\" srcset=\"https:\/\/sar.hi.is\/wp-content\/uploads\/2022\/10\/KRI_samfelagsleg_ahrif_221011_02.jpg 700w, https:\/\/sar.hi.is\/wp-content\/uploads\/2022\/10\/KRI_samfelagsleg_ahrif_221011_02-300x186.jpg 300w, https:\/\/sar.hi.is\/wp-content\/uploads\/2022\/10\/KRI_samfelagsleg_ahrif_221011_02-18x12.jpg 18w\" sizes=\"(max-width: 700px) 100vw, 700px\" \/>\t\t\t\t\t\t\t\t\t\t\t\t\t\t\t<\/div>\n\t\t\t\t<\/div>\n\t\t\t\t\t<\/div>\n\t\t<\/div>\n\t\t\t\t<div class=\"elementor-column elementor-col-66 elementor-top-column elementor-element elementor-element-bece48a\" data-id=\"bece48a\" data-element_type=\"column\" data-e-type=\"column\">\n\t\t\t<div class=\"elementor-widget-wrap elementor-element-populated\">\n\t\t\t\t\t\t<div class=\"elementor-element elementor-element-39d98b3 elementor-widget elementor-widget-image\" data-id=\"39d98b3\" data-element_type=\"widget\" data-e-type=\"widget\" data-widget_type=\"image.default\">\n\t\t\t\t<div class=\"elementor-widget-container\">\n\t\t\t\t\t\t\t\t\t\t\t\t\t\t\t<img loading=\"lazy\" decoding=\"async\" width=\"2030\" height=\"1180\" src=\"https:\/\/sar.hi.is\/wp-content\/uploads\/2022\/10\/padlet-loka.png\" class=\"attachment-full size-full wp-image-3896\" alt=\"alt=&quot;&quot;\" srcset=\"https:\/\/sar.hi.is\/wp-content\/uploads\/2022\/10\/padlet-loka.png 2030w, https:\/\/sar.hi.is\/wp-content\/uploads\/2022\/10\/padlet-loka-300x174.png 300w, https:\/\/sar.hi.is\/wp-content\/uploads\/2022\/10\/padlet-loka-1024x595.png 1024w, https:\/\/sar.hi.is\/wp-content\/uploads\/2022\/10\/padlet-loka-768x446.png 768w, https:\/\/sar.hi.is\/wp-content\/uploads\/2022\/10\/padlet-loka-1536x893.png 1536w, https:\/\/sar.hi.is\/wp-content\/uploads\/2022\/10\/padlet-loka-18x10.png 18w\" sizes=\"(max-width: 2030px) 100vw, 2030px\" \/>\t\t\t\t\t\t\t\t\t\t\t\t\t\t\t<\/div>\n\t\t\t\t<\/div>\n\t\t\t\t\t<\/div>\n\t\t<\/div>\n\t\t\t\t\t<\/div>\n\t\t<\/section>\n\t\t\t\t<\/div>","protected":false},"excerpt":{"rendered":"<p>Dagskr\u00e1 H\u00e1t\u00ed\u00f0arsalur H\u00e1sk\u00f3la \u00cdslands &#8211; \u00feri\u00f0judaginn 11. okt\u00f3ber 13.00-13.20: J\u00f3n Atli Benediktsson: Societal\u00a0impact and value of research in the context of\u00a0the University of Iceland 13.20-13.35: H\u00f3pumr\u00e6\u00f0ur 13.35-13.55: Ellen\u00a0Hazelkorn: Why Societal Impact Matters and What It Means for Research and Researchers in Iceland 13.55-14.15: H\u00f3pumr\u00e6\u00f0ur 14.15-14.30: Kaffihl\u00e9 14.30-14.45:\u00a0Jacqueline\u00a0Broerse:\u00a0Public engagement and co-creation of research 14.45-15.00: H\u00f3pumr\u00e6\u00f0ur 15.00-15.30: [&hellip;]<\/p>\n","protected":false},"author":2,"featured_media":0,"parent":0,"menu_order":0,"comment_status":"closed","ping_status":"closed","template":"","meta":{"site-sidebar-layout":"no-sidebar","site-content-layout":"page-builder","ast-site-content-layout":"default","site-content-style":"default","site-sidebar-style":"default","ast-global-header-display":"","ast-banner-title-visibility":"","ast-main-header-display":"","ast-hfb-above-header-display":"","ast-hfb-below-header-display":"","ast-hfb-mobile-header-display":"","site-post-title":"disabled","ast-breadcrumbs-content":"","ast-featured-img":"disabled","footer-sml-layout":"","ast-disable-related-posts":"","theme-transparent-header-meta":"","adv-header-id-meta":"","stick-header-meta":"","header-above-stick-meta":"","header-main-stick-meta":"","header-below-stick-meta":"","astra-migrate-meta-layouts":"default","ast-page-background-enabled":"default","ast-page-background-meta":{"desktop":{"background-color":"var(--ast-global-color-4)","background-image":"","background-repeat":"repeat","background-position":"center center","background-size":"auto","background-attachment":"scroll","background-type":"","background-media":"","overlay-type":"","overlay-color":"","overlay-opacity":"","overlay-gradient":""},"tablet":{"background-color":"","background-image":"","background-repeat":"repeat","background-position":"center center","background-size":"auto","background-attachment":"scroll","background-type":"","background-media":"","overlay-type":"","overlay-color":"","overlay-opacity":"","overlay-gradient":""},"mobile":{"background-color":"","background-image":"","background-repeat":"repeat","background-position":"center center","background-size":"auto","background-attachment":"scroll","background-type":"","background-media":"","overlay-type":"","overlay-color":"","overlay-opacity":"","overlay-gradient":""}},"ast-content-background-meta":{"desktop":{"background-color":"var(--ast-global-color-5)","background-image":"","background-repeat":"repeat","background-position":"center center","background-size":"auto","background-attachment":"scroll","background-type":"","background-media":"","overlay-type":"","overlay-color":"","overlay-opacity":"","overlay-gradient":""},"tablet":{"background-color":"var(--ast-global-color-5)","background-image":"","background-repeat":"repeat","background-position":"center center","background-size":"auto","background-attachment":"scroll","background-type":"","background-media":"","overlay-type":"","overlay-color":"","overlay-opacity":"","overlay-gradient":""},"mobile":{"background-color":"var(--ast-global-color-5)","background-image":"","background-repeat":"repeat","background-position":"center center","background-size":"auto","background-attachment":"scroll","background-type":"","background-media":"","overlay-type":"","overlay-color":"","overlay-opacity":"","overlay-gradient":""}},"footnotes":""},"class_list":["post-2056","page","type-page","status-publish","hentry"],"_links":{"self":[{"href":"https:\/\/sar.hi.is\/en\/wp-json\/wp\/v2\/pages\/2056","targetHints":{"allow":["GET"]}}],"collection":[{"href":"https:\/\/sar.hi.is\/en\/wp-json\/wp\/v2\/pages"}],"about":[{"href":"https:\/\/sar.hi.is\/en\/wp-json\/wp\/v2\/types\/page"}],"author":[{"embeddable":true,"href":"https:\/\/sar.hi.is\/en\/wp-json\/wp\/v2\/users\/2"}],"replies":[{"embeddable":true,"href":"https:\/\/sar.hi.is\/en\/wp-json\/wp\/v2\/comments?post=2056"}],"version-history":[{"count":123,"href":"https:\/\/sar.hi.is\/en\/wp-json\/wp\/v2\/pages\/2056\/revisions"}],"predecessor-version":[{"id":3911,"href":"https:\/\/sar.hi.is\/en\/wp-json\/wp\/v2\/pages\/2056\/revisions\/3911"}],"wp:attachment":[{"href":"https:\/\/sar.hi.is\/en\/wp-json\/wp\/v2\/media?parent=2056"}],"curies":[{"name":"wp","href":"https:\/\/api.w.org\/{rel}","templated":true}]}}