{"id":2051,"date":"2022-07-06T14:05:28","date_gmt":"2022-07-06T14:05:28","guid":{"rendered":"https:\/\/sar.hi.is\/?page_id=2051"},"modified":"2022-07-06T15:16:15","modified_gmt":"2022-07-06T15:16:15","slug":"senda-postkort","status":"publish","type":"page","link":"https:\/\/sar.hi.is\/en\/senda-postkort\/","title":{"rendered":"Send a postcard"},"content":{"rendered":"\t\t<div data-elementor-type=\"wp-page\" data-elementor-id=\"2051\" class=\"elementor elementor-2051\">\n\t\t\t\t\t\t<section class=\"elementor-section elementor-top-section elementor-element elementor-element-697edd4b elementor-section-height-min-height elementor-section-boxed elementor-section-height-default elementor-section-items-middle\" data-id=\"697edd4b\" data-element_type=\"section\" data-e-type=\"section\" data-settings=\"{&quot;background_background&quot;:&quot;classic&quot;}\">\n\t\t\t\t\t\t\t<div class=\"elementor-background-overlay\"><\/div>\n\t\t\t\t\t\t\t<div class=\"elementor-container elementor-column-gap-default\">\n\t\t\t\t\t<div class=\"elementor-column elementor-col-100 elementor-top-column elementor-element elementor-element-789072a1\" data-id=\"789072a1\" data-element_type=\"column\" data-e-type=\"column\">\n\t\t\t<div class=\"elementor-widget-wrap elementor-element-populated\">\n\t\t\t\t\t\t<div class=\"elementor-element elementor-element-52967071 elementor-widget elementor-widget-heading\" data-id=\"52967071\" data-element_type=\"widget\" data-e-type=\"widget\" data-widget_type=\"heading.default\">\n\t\t\t\t<div class=\"elementor-widget-container\">\n\t\t\t\t\t<h1 class=\"elementor-heading-title elementor-size-default\">Skila inn p\u00f3stkorti<\/h1>\t\t\t\t<\/div>\n\t\t\t\t<\/div>\n\t\t\t\t\t<\/div>\n\t\t<\/div>\n\t\t\t\t\t<\/div>\n\t\t<\/section>\n\t\t\t\t<section class=\"elementor-section elementor-top-section elementor-element elementor-element-71f349cd elementor-section-boxed elementor-section-height-default elementor-section-height-default\" data-id=\"71f349cd\" data-element_type=\"section\" data-e-type=\"section\" data-settings=\"{&quot;background_background&quot;:&quot;gradient&quot;}\">\n\t\t\t\t\t\t<div class=\"elementor-container elementor-column-gap-default\">\n\t\t\t\t\t<div class=\"elementor-column elementor-col-100 elementor-top-column elementor-element elementor-element-6750701e\" data-id=\"6750701e\" data-element_type=\"column\" data-e-type=\"column\">\n\t\t\t<div class=\"elementor-widget-wrap elementor-element-populated\">\n\t\t\t\t\t\t<div class=\"elementor-element elementor-element-1a72c62c elementor-widget elementor-widget-wpforms\" data-id=\"1a72c62c\" data-element_type=\"widget\" data-e-type=\"widget\" data-widget_type=\"wpforms.default\">\n\t\t\t\t<div class=\"elementor-widget-container\">\n\t\t\t\t\t<div class=\"wpforms-container \" id=\"wpforms-10\"><form id=\"wpforms-form-10\" class=\"wpforms-validate wpforms-form wpforms-ajax-form\" data-formid=\"10\" method=\"post\" enctype=\"multipart\/form-data\" action=\"\/en\/wp-json\/wp\/v2\/pages\/2051\" data-token=\"c47086a926fc935532ad051327ccb035\" data-token-time=\"1775648256\"><noscript class=\"wpforms-error-noscript\">Please enable JavaScript in your browser to complete this form.<\/noscript><div class=\"wpforms-field-container\"><div id=\"wpforms-10-field_0-container\" class=\"wpforms-field wpforms-field-name\" data-field-id=\"0\"><label class=\"wpforms-field-label\" for=\"wpforms-10-field_0\">Fullt nafn \/ Name <span class=\"wpforms-required-label\">*<\/span><\/label><input type=\"text\" id=\"wpforms-10-field_0\" class=\"wpforms-field-large wpforms-field-required\" name=\"wpforms[fields][0]\" required><\/div><div id=\"wpforms-10-field_1-container\" class=\"wpforms-field wpforms-field-email\" data-field-id=\"1\"><label class=\"wpforms-field-label\" for=\"wpforms-10-field_1\">Netfang \/ Email <span class=\"wpforms-required-label\">*<\/span><\/label><input type=\"email\" id=\"wpforms-10-field_1\" class=\"wpforms-field-large wpforms-field-required\" name=\"wpforms[fields][1]\" spellcheck=\"false\" required><\/div><div id=\"wpforms-10-field_4-container\" class=\"wpforms-field wpforms-field-number\" data-field-id=\"4\"><label class=\"wpforms-field-label\" for=\"wpforms-10-field_4\">S\u00edmi \/ Telephone<\/label><input type=\"number\" id=\"wpforms-10-field_4\" class=\"wpforms-field-medium\" name=\"wpforms[fields][4]\" step=\"any\" ><\/div><div id=\"wpforms-10-field_3-container\" class=\"wpforms-field wpforms-field-checkbox\" data-field-id=\"3\"><label class=\"wpforms-field-label\">\u00c9g er... \/ I am...<\/label><ul id=\"wpforms-10-field_3\"><li class=\"choice-1 depth-1\"><input type=\"checkbox\" id=\"wpforms-10-field_3_1\" name=\"wpforms[fields][3][]\" value=\"Akadem\u00edskur starfsma\u00f0ur \/ Academic employee\"  ><label class=\"wpforms-field-label-inline\" for=\"wpforms-10-field_3_1\">Akadem\u00edskur starfsma\u00f0ur \/ Academic employee<\/label><\/li><li class=\"choice-3 depth-1\"><input type=\"checkbox\" id=\"wpforms-10-field_3_3\" name=\"wpforms[fields][3][]\" value=\"Doktorsnemi \/ PhD student\"  ><label class=\"wpforms-field-label-inline\" for=\"wpforms-10-field_3_3\">Doktorsnemi \/ PhD student<\/label><\/li><li class=\"choice-2 depth-1\"><input type=\"checkbox\" id=\"wpforms-10-field_3_2\" name=\"wpforms[fields][3][]\" value=\"Stj\u00f3rns\u00fdsla e\u00f0a sto\u00f0\u00fej\u00f3nusta \/ Administrative staff\"  ><label class=\"wpforms-field-label-inline\" for=\"wpforms-10-field_3_2\">Stj\u00f3rns\u00fdsla e\u00f0a sto\u00f0\u00fej\u00f3nusta \/ Administrative staff<\/label><\/li><li class=\"choice-4 depth-1\"><input type=\"checkbox\" id=\"wpforms-10-field_3_4\" name=\"wpforms[fields][3][]\" value=\"Rannsakandi \/ Researcher\"  ><label class=\"wpforms-field-label-inline\" for=\"wpforms-10-field_3_4\">Rannsakandi \/ Researcher<\/label><\/li><li class=\"choice-5 depth-1\"><input type=\"checkbox\" id=\"wpforms-10-field_3_5\" name=\"wpforms[fields][3][]\" value=\"Anna\u00f0 \/ Other\"  ><label class=\"wpforms-field-label-inline\" for=\"wpforms-10-field_3_5\">Anna\u00f0 \/ Other<\/label><\/li><\/ul><\/div><div id=\"wpforms-10-field_2-container\" class=\"wpforms-field wpforms-field-textarea\" data-field-id=\"2\"><label class=\"wpforms-field-label\" for=\"wpforms-10-field_2\">Texti fyrir p\u00f3stkort \/ Postcard text  <span class=\"wpforms-required-label\">*<\/span><\/label><textarea id=\"wpforms-10-field_2\" class=\"wpforms-field-large wpforms-field-required\" name=\"wpforms[fields][2]\" required><\/textarea><div class=\"wpforms-field-description\"><br><br>\u00cdslenska: 250-300 or\u00f0a stuttur texti \u00e1 \u00edslensku og ensku um ranns\u00f3knir \u00fe\u00ednar auk stuttrar setningar um \u00feau samf\u00e9lagslegu \u00e1hrif sem ranns\u00f3knir \u00fe\u00ednar hafa. Einnig h\u00e6gt a\u00f0 senda \u00ed t\u00f6lvup\u00f3sti \u00e1 eyrunloa@hi.is\r\n<br><br>\r\nEnglish: 250-300 words about your research and social impact of your research (one to two sentences long). You can also email text to eyrunloa@hi.is\r\n\r\n<br><br><br>\r\n\u00de\u00e6r pers\u00f3nugreinanlegu uppl\u00fdsingar sem \u00fe\u00fa sem l\u00e6tur \u00ed t\u00e9 vi\u00f0 sendingu P\u00f3stkorts eru einungis nota\u00f0ar \u00ed \u00feeim tilgangi a\u00f0 hafa samband vi\u00f0 \u00feig ef me\u00f0 \u00fearf vegna frekari vinnslu p\u00f3stkortsins fyrir vefinn sar.hi.is. Me\u00f0 \u00fev\u00ed a\u00f0 senda okkur p\u00f3stkort sam\u00feykkir \u00fe\u00fa jafnframt a\u00f0 uppl\u00fdsingar, \u00e1samt mynd af \u00fe\u00e9r, birtist \u00e1 vefnum sar.hi.is. A\u00f0 \u00f6\u00f0ru leyti fylgir vefurinn Pers\u00f3nuverndarstefnu H\u00e1sk\u00f3la \u00cdslands sem m\u00e1 lesa me\u00f0 a\u00f0 afrita eftirfarandi hlekk: https:\/\/www.hi.is\/haskolinn\/personuverndarstefna_haskola_islands_0. <br><br><br>\u00c1byrg\u00f0 vefsins er hj\u00e1 Eir\u00edki Sm\u00e1ra Sigur\u00f0ssyni (esmari@hi.is). Umsj\u00f3n me\u00f0 vefnum hefur Eyr\u00fan L\u00f3a Eir\u00edksd\u00f3ttir  (eyrunloa@hi.is).<\/div><\/div><\/div><!-- .wpforms-field-container --><div class=\"wpforms-submit-container\" ><input type=\"hidden\" name=\"wpforms[id]\" value=\"10\"><input type=\"hidden\" name=\"page_title\" value=\"\"><input type=\"hidden\" name=\"page_url\" value=\"https:\/\/sar.hi.is\/en\/wp-json\/wp\/v2\/pages\/2051\"><input type=\"hidden\" name=\"url_referer\" value=\"\"><button type=\"submit\" name=\"wpforms[submit]\" id=\"wpforms-submit-10\" class=\"wpforms-submit\" data-alt-text=\"Sendi... \/ sending...\" data-submit-text=\"Senda \/ send\" aria-live=\"assertive\" value=\"wpforms-submit\">Senda \/ send<\/button><img decoding=\"async\" src=\"https:\/\/sar.hi.is\/wp-content\/plugins\/wpforms-lite\/assets\/images\/submit-spin.svg\" class=\"wpforms-submit-spinner\" style=\"display: none;\" width=\"26\" height=\"26\" alt=\"Loading\"><\/div><\/form><\/div>  <!-- .wpforms-container -->\t\t\t\t<\/div>\n\t\t\t\t<\/div>\n\t\t\t\t\t<\/div>\n\t\t<\/div>\n\t\t\t\t\t<\/div>\n\t\t<\/section>\n\t\t\t\t<\/div>\n\t\t","protected":false},"excerpt":{"rendered":"<p>Send a postcard<\/p>","protected":false},"author":2,"featured_media":0,"parent":0,"menu_order":0,"comment_status":"closed","ping_status":"closed","template":"","meta":{"site-sidebar-layout":"no-sidebar","site-content-layout":"page-builder","ast-site-content-layout":"default","site-content-style":"default","site-sidebar-style":"default","ast-global-header-display":"","ast-banner-title-visibility":"","ast-main-header-display":"","ast-hfb-above-header-display":"","ast-hfb-below-header-display":"","ast-hfb-mobile-header-display":"","site-post-title":"disabled","ast-breadcrumbs-content":"","ast-featured-img":"disabled","footer-sml-layout":"","ast-disable-related-posts":"","theme-transparent-header-meta":"","adv-header-id-meta":"","stick-header-meta":"","header-above-stick-meta":"","header-main-stick-meta":"","header-below-stick-meta":"","astra-migrate-meta-layouts":"default","ast-page-background-enabled":"default","ast-page-background-meta":{"desktop":{"background-color":"var(--ast-global-color-4)","background-image":"","background-repeat":"repeat","background-position":"center center","background-size":"auto","background-attachment":"scroll","background-type":"","background-media":"","overlay-type":"","overlay-color":"","overlay-opacity":"","overlay-gradient":""},"tablet":{"background-color":"","background-image":"","background-repeat":"repeat","background-position":"center center","background-size":"auto","background-attachment":"scroll","background-type":"","background-media":"","overlay-type":"","overlay-color":"","overlay-opacity":"","overlay-gradient":""},"mobile":{"background-color":"","background-image":"","background-repeat":"repeat","background-position":"center center","background-size":"auto","background-attachment":"scroll","background-type":"","background-media":"","overlay-type":"","overlay-color":"","overlay-opacity":"","overlay-gradient":""}},"ast-content-background-meta":{"desktop":{"background-color":"var(--ast-global-color-5)","background-image":"","background-repeat":"repeat","background-position":"center center","background-size":"auto","background-attachment":"scroll","background-type":"","background-media":"","overlay-type":"","overlay-color":"","overlay-opacity":"","overlay-gradient":""},"tablet":{"background-color":"var(--ast-global-color-5)","background-image":"","background-repeat":"repeat","background-position":"center center","background-size":"auto","background-attachment":"scroll","background-type":"","background-media":"","overlay-type":"","overlay-color":"","overlay-opacity":"","overlay-gradient":""},"mobile":{"background-color":"var(--ast-global-color-5)","background-image":"","background-repeat":"repeat","background-position":"center center","background-size":"auto","background-attachment":"scroll","background-type":"","background-media":"","overlay-type":"","overlay-color":"","overlay-opacity":"","overlay-gradient":""}},"footnotes":""},"class_list":["post-2051","page","type-page","status-publish","hentry"],"_links":{"self":[{"href":"https:\/\/sar.hi.is\/en\/wp-json\/wp\/v2\/pages\/2051","targetHints":{"allow":["GET"]}}],"collection":[{"href":"https:\/\/sar.hi.is\/en\/wp-json\/wp\/v2\/pages"}],"about":[{"href":"https:\/\/sar.hi.is\/en\/wp-json\/wp\/v2\/types\/page"}],"author":[{"embeddable":true,"href":"https:\/\/sar.hi.is\/en\/wp-json\/wp\/v2\/users\/2"}],"replies":[{"embeddable":true,"href":"https:\/\/sar.hi.is\/en\/wp-json\/wp\/v2\/comments?post=2051"}],"version-history":[{"count":5,"href":"https:\/\/sar.hi.is\/en\/wp-json\/wp\/v2\/pages\/2051\/revisions"}],"predecessor-version":[{"id":2118,"href":"https:\/\/sar.hi.is\/en\/wp-json\/wp\/v2\/pages\/2051\/revisions\/2118"}],"wp:attachment":[{"href":"https:\/\/sar.hi.is\/en\/wp-json\/wp\/v2\/media?parent=2051"}],"curies":[{"name":"wp","href":"https:\/\/api.w.org\/{rel}","templated":true}]}}